{"id":25,"date":"2020-08-30T18:32:50","date_gmt":"2020-08-30T16:32:50","guid":{"rendered":"http:\/\/dobrekola.pl\/?page_id=25"},"modified":"2023-09-07T19:19:53","modified_gmt":"2023-09-07T17:19:53","slug":"allegro","status":"publish","type":"page","link":"http:\/\/dobrekola.pl\/?page_id=25","title":{"rendered":"ALLEGRO"},"content":{"rendered":"<div class=\"wp-block-image\">\n<figure class=\"aligncenter size-large\"><a href=\"https:\/\/allegro.pl\/uzytkownik\/dobrekola?bmatch=baseline-product-cl-eyesa2-engag-dict45-uni-1-5-0717\" target=\"_blank\" rel=\"noopener noreferrer\"><img loading=\"lazy\" decoding=\"async\" width=\"200\" height=\"67\" src=\"http:\/\/dobrekola.pl\/wp-content\/uploads\/2020\/08\/allegro.jpg\" alt=\"\" class=\"wp-image-38\"\/><\/a><figcaption><strong>ABY WY\u015aWIETLI\u0106 OFERT\u0118 PROSZ\u0118 KLIKN\u0104\u0106 W LOGO<\/strong><\/figcaption><\/figure><\/div>\n\n\n<p>DOBREKOLA s\u0105 na Allegro od 2013 roku.<\/p>\n\n\n\n<p>Jeste\u015bmy solidn\u0105 firm\u0105 z charakterem<\/p>\n\n\n\n<p>KUPUJCIE PA\u0143STWO U NAS \u015aMIA\u0141O I BEZ STRESU.<\/p>\n\n\n\n<p>Obs\u0142uga r\u00f3wnie\u017c w j\u0119zyku niemieckim oraz angielskim.<\/p>\n\n\n\n<p>WIR SPRECHEN DEUTSCH !!!<br>WE SPEAK ENGLISH !!!<\/p>\n\n\n\n<p>Pozosta\u0142e informacje<br>Prz\u0119d zakupem prosz\u0119 o telefon ws. dost\u0119pno\u015bci towaru poniewa\u017c prowadzimy r\u00f3wnie\u017c sprzeda\u017c stacjonarnie!!!<br>UWAGA!!!<br>Prosz\u0119 po otrzymaniu paczek niezw\u0142ocznie sprawdzi\u0107 zawarto\u015b\u0107 przesy\u0142ki pod wzgl\u0119dem uszkodze\u0144. Reklamacje b\u0119d\u0105 uwzgl\u0119dniane po sporz\u0105dzeniu protoko\u0142u szk\u00f3d w obecno\u015bci kuriera.<br>PO ZA\u0141O\u017bENIU OPON NA FELGI WSZELKIE USZKODZENIA MECHANICZNE POW\u0141OKI LAKIERNICZEJ NIE B\u0118D\u0104 UWZGL\u0118DNIANE !!!!!<\/p>\n\n\n\n<p>Zwroty:<br>W przypadku zwrotu zakupinych rzeczy KONSUMENT ponosi tylko bezpo\u015brednie koszty zwrotu rzeczy (np. koszty opakowania, op\u0142at\u0119 za odes\u0142anie przesy\u0142ki)<\/p>\n\n\n\n<p>Wylicytowan\u0105 kwot\u0119 + koszty przesy\u0142ki prosz\u0119 przela\u0107 na konto nr 18 1020 2036 0000 0602 0074 9879. Przy wp\u0142acie pieni\u0119dzy na konto, w opisie przelewu prosz\u0119 poda\u0107 nr aukcji.<\/p>\n","protected":false},"excerpt":{"rendered":"<p>DOBREKOLA s\u0105 na Allegro od 2013 roku. Jeste\u015bmy solidn\u0105 firm\u0105 z charakterem KUPUJCIE PA\u0143STWO U NAS \u015aMIA\u0141O I BEZ STRESU. Obs\u0142uga r\u00f3wnie\u017c w j\u0119zyku niemieckim oraz angielskim. WIR SPRECHEN DEUTSCH !!!WE SPEAK ENGLISH !!! Pozosta\u0142e informacjePrz\u0119d zakupem prosz\u0119 o telefon ws. dost\u0119pno\u015bci towaru poniewa\u017c prowadzimy r\u00f3wnie\u017c sprzeda\u017c stacjonarnie!!!UWAGA!!!Prosz\u0119 po otrzymaniu paczek niezw\u0142ocznie sprawdzi\u0107 zawarto\u015b\u0107 przesy\u0142ki [&hellip;]<\/p>\n","protected":false},"author":2,"featured_media":26,"parent":0,"menu_order":0,"comment_status":"closed","ping_status":"closed","template":"","meta":{"footnotes":""},"_links":{"self":[{"href":"http:\/\/dobrekola.pl\/index.php?rest_route=\/wp\/v2\/pages\/25"}],"collection":[{"href":"http:\/\/dobrekola.pl\/index.php?rest_route=\/wp\/v2\/pages"}],"about":[{"href":"http:\/\/dobrekola.pl\/index.php?rest_route=\/wp\/v2\/types\/page"}],"author":[{"embeddable":true,"href":"http:\/\/dobrekola.pl\/index.php?rest_route=\/wp\/v2\/users\/2"}],"replies":[{"embeddable":true,"href":"http:\/\/dobrekola.pl\/index.php?rest_route=%2Fwp%2Fv2%2Fcomments&post=25"}],"version-history":[{"count":10,"href":"http:\/\/dobrekola.pl\/index.php?rest_route=\/wp\/v2\/pages\/25\/revisions"}],"predecessor-version":[{"id":66,"href":"http:\/\/dobrekola.pl\/index.php?rest_route=\/wp\/v2\/pages\/25\/revisions\/66"}],"wp:featuredmedia":[{"embeddable":true,"href":"http:\/\/dobrekola.pl\/index.php?rest_route=\/wp\/v2\/media\/26"}],"wp:attachment":[{"href":"http:\/\/dobrekola.pl\/index.php?rest_route=%2Fwp%2Fv2%2Fmedia&parent=25"}],"curies":[{"name":"wp","href":"https:\/\/api.w.org\/{rel}","templated":true}]}}